{"id":1005,"date":"2024-07-13T08:30:31","date_gmt":"2024-07-13T08:30:31","guid":{"rendered":"https:\/\/www.artlandart.com\/?page_id=1005"},"modified":"2025-06-04T15:41:03","modified_gmt":"2025-06-04T15:41:03","slug":"oeuf-metaphysique-a-la-coque","status":"publish","type":"page","link":"https:\/\/www.artlandart.com\/?page_id=1005","title":{"rendered":"Oeuf extra lucide \u00e0 la coque"},"content":{"rendered":"\n<p>Quelques fois, quand je ne suis pas inspir\u00e9, je fais des reproductions de dessin comme un musicien fait ses gammes. Et puis j&rsquo;ai eu l&rsquo;id\u00e9e d&rsquo;en faire quelque chose. Voici une s\u00e9rie \u00e0 la mine de plomb o\u00f9 l&rsquo;on peut retrouver des figures bien connues des amateurs d&rsquo;art.<\/p>\n\n\n\n<p><\/p>\n\n\n\n<p><\/p>\n\n\n\n<p><\/p>\n\n\n\n<figure class=\"wp-block-image aligncenter size-large is-resized\"><a href=\"https:\/\/www.artlandart.com\/wp-content\/uploads\/2024\/07\/A-letui-penien.jpg\"><img loading=\"lazy\" decoding=\"async\" width=\"724\" height=\"1024\" src=\"https:\/\/www.artlandart.com\/wp-content\/uploads\/2024\/07\/A-letui-penien-724x1024.jpg\" alt=\"\" class=\"wp-image-1006\" style=\"width:733px;height:auto\" srcset=\"https:\/\/www.artlandart.com\/wp-content\/uploads\/2024\/07\/A-letui-penien-724x1024.jpg 724w, https:\/\/www.artlandart.com\/wp-content\/uploads\/2024\/07\/A-letui-penien-212x300.jpg 212w, https:\/\/www.artlandart.com\/wp-content\/uploads\/2024\/07\/A-letui-penien-768x1086.jpg 768w, https:\/\/www.artlandart.com\/wp-content\/uploads\/2024\/07\/A-letui-penien-1086x1536.jpg 1086w, https:\/\/www.artlandart.com\/wp-content\/uploads\/2024\/07\/A-letui-penien.jpg 1240w\" sizes=\"auto, (max-width: 724px) 100vw, 724px\" \/><\/a><figcaption class=\"wp-element-caption\">\u00c0 l&rsquo;\u00e9tui p\u00e9nien<\/figcaption><\/figure>\n\n\n\n<figure class=\"wp-block-image aligncenter size-large\"><a href=\"https:\/\/www.artlandart.com\/wp-content\/uploads\/2024\/07\/couverture.jpg\"><img loading=\"lazy\" decoding=\"async\" width=\"746\" height=\"1024\" src=\"https:\/\/www.artlandart.com\/wp-content\/uploads\/2024\/07\/couverture-746x1024.jpg\" alt=\"\" class=\"wp-image-1047\" srcset=\"https:\/\/www.artlandart.com\/wp-content\/uploads\/2024\/07\/couverture-746x1024.jpg 746w, https:\/\/www.artlandart.com\/wp-content\/uploads\/2024\/07\/couverture-219x300.jpg 219w, https:\/\/www.artlandart.com\/wp-content\/uploads\/2024\/07\/couverture-768x1054.jpg 768w, https:\/\/www.artlandart.com\/wp-content\/uploads\/2024\/07\/couverture.jpg 1090w\" sizes=\"auto, (max-width: 746px) 100vw, 746px\" \/><\/a><figcaption class=\"wp-element-caption\">Oeuf extra lucide \u00e0 la coque<\/figcaption><\/figure>\n\n\n\n<figure class=\"wp-block-image aligncenter size-large is-resized\"><a href=\"https:\/\/www.artlandart.com\/wp-content\/uploads\/2024\/07\/Au-centre-de-mon-coeur.jpg\"><img loading=\"lazy\" decoding=\"async\" width=\"724\" height=\"1024\" src=\"https:\/\/www.artlandart.com\/wp-content\/uploads\/2024\/07\/Au-centre-de-mon-coeur-724x1024.jpg\" alt=\"\" class=\"wp-image-1011\" style=\"width:798px;height:auto\" srcset=\"https:\/\/www.artlandart.com\/wp-content\/uploads\/2024\/07\/Au-centre-de-mon-coeur-724x1024.jpg 724w, https:\/\/www.artlandart.com\/wp-content\/uploads\/2024\/07\/Au-centre-de-mon-coeur-212x300.jpg 212w, https:\/\/www.artlandart.com\/wp-content\/uploads\/2024\/07\/Au-centre-de-mon-coeur-768x1086.jpg 768w, https:\/\/www.artlandart.com\/wp-content\/uploads\/2024\/07\/Au-centre-de-mon-coeur-1086x1536.jpg 1086w, https:\/\/www.artlandart.com\/wp-content\/uploads\/2024\/07\/Au-centre-de-mon-coeur.jpg 1240w\" sizes=\"auto, (max-width: 724px) 100vw, 724px\" \/><\/a><figcaption class=\"wp-element-caption\">Au centre de mon coeur<\/figcaption><\/figure>\n\n\n\n<figure class=\"wp-block-image aligncenter size-large\"><a href=\"https:\/\/www.artlandart.com\/wp-content\/uploads\/2024\/07\/Arzach.jpg\"><img loading=\"lazy\" decoding=\"async\" width=\"1024\" height=\"724\" src=\"https:\/\/www.artlandart.com\/wp-content\/uploads\/2024\/07\/Arzach-1024x724.jpg\" alt=\"\" class=\"wp-image-1008\" srcset=\"https:\/\/www.artlandart.com\/wp-content\/uploads\/2024\/07\/Arzach-1024x724.jpg 1024w, https:\/\/www.artlandart.com\/wp-content\/uploads\/2024\/07\/Arzach-300x212.jpg 300w, https:\/\/www.artlandart.com\/wp-content\/uploads\/2024\/07\/Arzach-768x543.jpg 768w, https:\/\/www.artlandart.com\/wp-content\/uploads\/2024\/07\/Arzach-1536x1086.jpg 1536w, https:\/\/www.artlandart.com\/wp-content\/uploads\/2024\/07\/Arzach.jpg 1754w\" sizes=\"auto, (max-width: 1024px) 100vw, 1024px\" \/><\/a><figcaption class=\"wp-element-caption\">Arzach<\/figcaption><\/figure>\n\n\n\n<figure class=\"wp-block-image aligncenter size-large is-resized\"><a href=\"https:\/\/www.artlandart.com\/wp-content\/uploads\/2024\/07\/Desert.jpg\"><img loading=\"lazy\" decoding=\"async\" width=\"724\" height=\"1024\" src=\"https:\/\/www.artlandart.com\/wp-content\/uploads\/2024\/07\/Desert-724x1024.jpg\" alt=\"\" class=\"wp-image-1014\" style=\"width:840px;height:auto\" srcset=\"https:\/\/www.artlandart.com\/wp-content\/uploads\/2024\/07\/Desert-724x1024.jpg 724w, https:\/\/www.artlandart.com\/wp-content\/uploads\/2024\/07\/Desert-212x300.jpg 212w, https:\/\/www.artlandart.com\/wp-content\/uploads\/2024\/07\/Desert-768x1086.jpg 768w, https:\/\/www.artlandart.com\/wp-content\/uploads\/2024\/07\/Desert-1086x1536.jpg 1086w, https:\/\/www.artlandart.com\/wp-content\/uploads\/2024\/07\/Desert.jpg 1240w\" sizes=\"auto, (max-width: 724px) 100vw, 724px\" \/><\/a><figcaption class=\"wp-element-caption\">D\u00e9sert<\/figcaption><\/figure>\n\n\n\n<figure class=\"wp-block-image aligncenter size-large\"><a href=\"https:\/\/www.artlandart.com\/wp-content\/uploads\/2024\/07\/fecondation-post-mortem.jpg\"><img loading=\"lazy\" decoding=\"async\" width=\"724\" height=\"1024\" src=\"https:\/\/www.artlandart.com\/wp-content\/uploads\/2024\/07\/fecondation-post-mortem-724x1024.jpg\" alt=\"\" class=\"wp-image-1016\" srcset=\"https:\/\/www.artlandart.com\/wp-content\/uploads\/2024\/07\/fecondation-post-mortem-724x1024.jpg 724w, https:\/\/www.artlandart.com\/wp-content\/uploads\/2024\/07\/fecondation-post-mortem-212x300.jpg 212w, https:\/\/www.artlandart.com\/wp-content\/uploads\/2024\/07\/fecondation-post-mortem-768x1086.jpg 768w, https:\/\/www.artlandart.com\/wp-content\/uploads\/2024\/07\/fecondation-post-mortem-1086x1536.jpg 1086w, https:\/\/www.artlandart.com\/wp-content\/uploads\/2024\/07\/fecondation-post-mortem.jpg 1240w\" sizes=\"auto, (max-width: 724px) 100vw, 724px\" \/><\/a><figcaption class=\"wp-element-caption\">F\u00e9condation post mortem<\/figcaption><\/figure>\n\n\n\n<figure class=\"wp-block-image aligncenter size-large is-resized\"><a href=\"https:\/\/www.artlandart.com\/wp-content\/uploads\/2024\/07\/Kontrol.jpg\"><img loading=\"lazy\" decoding=\"async\" width=\"724\" height=\"1024\" src=\"https:\/\/www.artlandart.com\/wp-content\/uploads\/2024\/07\/Kontrol-724x1024.jpg\" alt=\"\" class=\"wp-image-1018\" style=\"width:837px;height:auto\" srcset=\"https:\/\/www.artlandart.com\/wp-content\/uploads\/2024\/07\/Kontrol-724x1024.jpg 724w, https:\/\/www.artlandart.com\/wp-content\/uploads\/2024\/07\/Kontrol-212x300.jpg 212w, https:\/\/www.artlandart.com\/wp-content\/uploads\/2024\/07\/Kontrol-768x1086.jpg 768w, https:\/\/www.artlandart.com\/wp-content\/uploads\/2024\/07\/Kontrol-1086x1536.jpg 1086w, https:\/\/www.artlandart.com\/wp-content\/uploads\/2024\/07\/Kontrol.jpg 1240w\" sizes=\"auto, (max-width: 724px) 100vw, 724px\" \/><\/a><figcaption class=\"wp-element-caption\">Kontrol<\/figcaption><\/figure>\n\n\n\n<figure class=\"wp-block-image aligncenter size-large\"><a href=\"https:\/\/www.artlandart.com\/wp-content\/uploads\/2024\/07\/la-cle-perdue.jpg\"><img loading=\"lazy\" decoding=\"async\" width=\"1024\" height=\"724\" src=\"https:\/\/www.artlandart.com\/wp-content\/uploads\/2024\/07\/la-cle-perdue-1024x724.jpg\" alt=\"\" class=\"wp-image-1020\" srcset=\"https:\/\/www.artlandart.com\/wp-content\/uploads\/2024\/07\/la-cle-perdue-1024x724.jpg 1024w, https:\/\/www.artlandart.com\/wp-content\/uploads\/2024\/07\/la-cle-perdue-300x212.jpg 300w, https:\/\/www.artlandart.com\/wp-content\/uploads\/2024\/07\/la-cle-perdue-768x543.jpg 768w, https:\/\/www.artlandart.com\/wp-content\/uploads\/2024\/07\/la-cle-perdue-1536x1086.jpg 1536w, https:\/\/www.artlandart.com\/wp-content\/uploads\/2024\/07\/la-cle-perdue.jpg 1754w\" sizes=\"auto, (max-width: 1024px) 100vw, 1024px\" \/><\/a><figcaption class=\"wp-element-caption\">La cl\u00e9 perdue<\/figcaption><\/figure>\n\n\n\n<figure class=\"wp-block-image aligncenter size-large\"><a href=\"https:\/\/www.artlandart.com\/wp-content\/uploads\/2024\/07\/La-riviere.jpg\"><img loading=\"lazy\" decoding=\"async\" width=\"724\" height=\"1024\" src=\"https:\/\/www.artlandart.com\/wp-content\/uploads\/2024\/07\/La-riviere-724x1024.jpg\" alt=\"\" class=\"wp-image-1023\" srcset=\"https:\/\/www.artlandart.com\/wp-content\/uploads\/2024\/07\/La-riviere-724x1024.jpg 724w, https:\/\/www.artlandart.com\/wp-content\/uploads\/2024\/07\/La-riviere-212x300.jpg 212w, https:\/\/www.artlandart.com\/wp-content\/uploads\/2024\/07\/La-riviere-768x1086.jpg 768w, https:\/\/www.artlandart.com\/wp-content\/uploads\/2024\/07\/La-riviere-1086x1536.jpg 1086w, https:\/\/www.artlandart.com\/wp-content\/uploads\/2024\/07\/La-riviere.jpg 1240w\" sizes=\"auto, (max-width: 724px) 100vw, 724px\" \/><\/a><figcaption class=\"wp-element-caption\">La rivi\u00e8re<\/figcaption><\/figure>\n\n\n\n<figure class=\"wp-block-image aligncenter size-large is-resized\"><a href=\"https:\/\/www.artlandart.com\/wp-content\/uploads\/2024\/07\/La-sorciere.jpg\"><img loading=\"lazy\" decoding=\"async\" width=\"710\" height=\"1024\" src=\"https:\/\/www.artlandart.com\/wp-content\/uploads\/2024\/07\/La-sorciere-710x1024.jpg\" alt=\"\" class=\"wp-image-1026\" style=\"width:677px;height:auto\" srcset=\"https:\/\/www.artlandart.com\/wp-content\/uploads\/2024\/07\/La-sorciere-710x1024.jpg 710w, https:\/\/www.artlandart.com\/wp-content\/uploads\/2024\/07\/La-sorciere-208x300.jpg 208w, https:\/\/www.artlandart.com\/wp-content\/uploads\/2024\/07\/La-sorciere-768x1108.jpg 768w, https:\/\/www.artlandart.com\/wp-content\/uploads\/2024\/07\/La-sorciere-1065x1536.jpg 1065w, https:\/\/www.artlandart.com\/wp-content\/uploads\/2024\/07\/La-sorciere.jpg 1413w\" sizes=\"auto, (max-width: 710px) 100vw, 710px\" \/><\/a><figcaption class=\"wp-element-caption\">La sorci\u00e8re<\/figcaption><\/figure>\n\n\n\n<figure class=\"wp-block-image aligncenter size-large is-resized\"><a href=\"https:\/\/www.artlandart.com\/wp-content\/uploads\/2024\/07\/Le-marchand-darmes.jpg\"><img loading=\"lazy\" decoding=\"async\" width=\"788\" height=\"1024\" src=\"https:\/\/www.artlandart.com\/wp-content\/uploads\/2024\/07\/Le-marchand-darmes-788x1024.jpg\" alt=\"\" class=\"wp-image-1028\" style=\"width:736px;height:auto\" srcset=\"https:\/\/www.artlandart.com\/wp-content\/uploads\/2024\/07\/Le-marchand-darmes-788x1024.jpg 788w, https:\/\/www.artlandart.com\/wp-content\/uploads\/2024\/07\/Le-marchand-darmes-231x300.jpg 231w, https:\/\/www.artlandart.com\/wp-content\/uploads\/2024\/07\/Le-marchand-darmes-768x997.jpg 768w, https:\/\/www.artlandart.com\/wp-content\/uploads\/2024\/07\/Le-marchand-darmes-1183x1536.jpg 1183w, https:\/\/www.artlandart.com\/wp-content\/uploads\/2024\/07\/Le-marchand-darmes.jpg 1503w\" sizes=\"auto, (max-width: 788px) 100vw, 788px\" \/><\/a><figcaption class=\"wp-element-caption\">Le marchand d&rsquo;armes<\/figcaption><\/figure>\n\n\n\n<figure class=\"wp-block-image aligncenter size-large\"><a href=\"https:\/\/www.artlandart.com\/wp-content\/uploads\/2024\/07\/Les-sachants.jpg\"><img loading=\"lazy\" decoding=\"async\" width=\"724\" height=\"1024\" src=\"https:\/\/www.artlandart.com\/wp-content\/uploads\/2024\/07\/Les-sachants-724x1024.jpg\" alt=\"\" class=\"wp-image-1031\" srcset=\"https:\/\/www.artlandart.com\/wp-content\/uploads\/2024\/07\/Les-sachants-724x1024.jpg 724w, https:\/\/www.artlandart.com\/wp-content\/uploads\/2024\/07\/Les-sachants-212x300.jpg 212w, https:\/\/www.artlandart.com\/wp-content\/uploads\/2024\/07\/Les-sachants-768x1086.jpg 768w, https:\/\/www.artlandart.com\/wp-content\/uploads\/2024\/07\/Les-sachants-1086x1536.jpg 1086w, https:\/\/www.artlandart.com\/wp-content\/uploads\/2024\/07\/Les-sachants.jpg 1240w\" sizes=\"auto, (max-width: 724px) 100vw, 724px\" \/><\/a><figcaption class=\"wp-element-caption\">Les sachants<\/figcaption><\/figure>\n\n\n\n<figure class=\"wp-block-image aligncenter size-large is-resized\"><a href=\"https:\/\/www.artlandart.com\/wp-content\/uploads\/2024\/07\/les-scelerats.jpg\"><img loading=\"lazy\" decoding=\"async\" width=\"1024\" height=\"724\" src=\"https:\/\/www.artlandart.com\/wp-content\/uploads\/2024\/07\/les-scelerats-1024x724.jpg\" alt=\"\" class=\"wp-image-1035\" style=\"width:840px;height:auto\" srcset=\"https:\/\/www.artlandart.com\/wp-content\/uploads\/2024\/07\/les-scelerats-1024x724.jpg 1024w, https:\/\/www.artlandart.com\/wp-content\/uploads\/2024\/07\/les-scelerats-300x212.jpg 300w, https:\/\/www.artlandart.com\/wp-content\/uploads\/2024\/07\/les-scelerats-768x543.jpg 768w, https:\/\/www.artlandart.com\/wp-content\/uploads\/2024\/07\/les-scelerats-1536x1086.jpg 1536w, https:\/\/www.artlandart.com\/wp-content\/uploads\/2024\/07\/les-scelerats.jpg 1754w\" sizes=\"auto, (max-width: 1024px) 100vw, 1024px\" \/><\/a><figcaption class=\"wp-element-caption\">Les sc\u00e9l\u00e9rats<\/figcaption><\/figure>\n\n\n\n<figure class=\"wp-block-image aligncenter size-large\"><a href=\"https:\/\/www.artlandart.com\/wp-content\/uploads\/2024\/07\/NO-FUTUR.jpg\"><img loading=\"lazy\" decoding=\"async\" width=\"1024\" height=\"724\" src=\"https:\/\/www.artlandart.com\/wp-content\/uploads\/2024\/07\/NO-FUTUR-1024x724.jpg\" alt=\"\" class=\"wp-image-1038\" srcset=\"https:\/\/www.artlandart.com\/wp-content\/uploads\/2024\/07\/NO-FUTUR-1024x724.jpg 1024w, https:\/\/www.artlandart.com\/wp-content\/uploads\/2024\/07\/NO-FUTUR-300x212.jpg 300w, https:\/\/www.artlandart.com\/wp-content\/uploads\/2024\/07\/NO-FUTUR-768x543.jpg 768w, https:\/\/www.artlandart.com\/wp-content\/uploads\/2024\/07\/NO-FUTUR-1536x1086.jpg 1536w, https:\/\/www.artlandart.com\/wp-content\/uploads\/2024\/07\/NO-FUTUR.jpg 1754w\" sizes=\"auto, (max-width: 1024px) 100vw, 1024px\" \/><\/a><figcaption class=\"wp-element-caption\">No futur<\/figcaption><\/figure>\n\n\n\n<figure class=\"wp-block-image aligncenter size-large\"><a href=\"https:\/\/www.artlandart.com\/wp-content\/uploads\/2024\/07\/oxydant.jpg\"><img loading=\"lazy\" decoding=\"async\" width=\"724\" height=\"1024\" src=\"https:\/\/www.artlandart.com\/wp-content\/uploads\/2024\/07\/oxydant-724x1024.jpg\" alt=\"\" class=\"wp-image-1040\" srcset=\"https:\/\/www.artlandart.com\/wp-content\/uploads\/2024\/07\/oxydant-724x1024.jpg 724w, https:\/\/www.artlandart.com\/wp-content\/uploads\/2024\/07\/oxydant-212x300.jpg 212w, https:\/\/www.artlandart.com\/wp-content\/uploads\/2024\/07\/oxydant-768x1086.jpg 768w, https:\/\/www.artlandart.com\/wp-content\/uploads\/2024\/07\/oxydant-1086x1536.jpg 1086w, https:\/\/www.artlandart.com\/wp-content\/uploads\/2024\/07\/oxydant.jpg 1240w\" sizes=\"auto, (max-width: 724px) 100vw, 724px\" \/><\/a><figcaption class=\"wp-element-caption\">Oxydant<\/figcaption><\/figure>\n\n\n\n<figure class=\"wp-block-image aligncenter size-large\"><a href=\"https:\/\/www.artlandart.com\/wp-content\/uploads\/2024\/07\/Pleine-lune.jpg\"><img loading=\"lazy\" decoding=\"async\" width=\"724\" height=\"1024\" src=\"https:\/\/www.artlandart.com\/wp-content\/uploads\/2024\/07\/Pleine-lune-724x1024.jpg\" alt=\"\" class=\"wp-image-1042\" srcset=\"https:\/\/www.artlandart.com\/wp-content\/uploads\/2024\/07\/Pleine-lune-724x1024.jpg 724w, https:\/\/www.artlandart.com\/wp-content\/uploads\/2024\/07\/Pleine-lune-212x300.jpg 212w, https:\/\/www.artlandart.com\/wp-content\/uploads\/2024\/07\/Pleine-lune-768x1086.jpg 768w, https:\/\/www.artlandart.com\/wp-content\/uploads\/2024\/07\/Pleine-lune-1086x1536.jpg 1086w, https:\/\/www.artlandart.com\/wp-content\/uploads\/2024\/07\/Pleine-lune.jpg 1240w\" sizes=\"auto, (max-width: 724px) 100vw, 724px\" \/><\/a><figcaption class=\"wp-element-caption\">Pleine lune<\/figcaption><\/figure>\n\n\n\n<figure class=\"wp-block-image aligncenter size-large\"><a href=\"https:\/\/www.artlandart.com\/wp-content\/uploads\/2024\/07\/Succuba.jpg\"><img loading=\"lazy\" decoding=\"async\" width=\"724\" height=\"1024\" src=\"https:\/\/www.artlandart.com\/wp-content\/uploads\/2024\/07\/Succuba-724x1024.jpg\" alt=\"\" class=\"wp-image-1044\" srcset=\"https:\/\/www.artlandart.com\/wp-content\/uploads\/2024\/07\/Succuba-724x1024.jpg 724w, https:\/\/www.artlandart.com\/wp-content\/uploads\/2024\/07\/Succuba-212x300.jpg 212w, https:\/\/www.artlandart.com\/wp-content\/uploads\/2024\/07\/Succuba-768x1086.jpg 768w, https:\/\/www.artlandart.com\/wp-content\/uploads\/2024\/07\/Succuba-1086x1536.jpg 1086w, https:\/\/www.artlandart.com\/wp-content\/uploads\/2024\/07\/Succuba.jpg 1240w\" sizes=\"auto, (max-width: 724px) 100vw, 724px\" \/><\/a><figcaption class=\"wp-element-caption\">Succuba<\/figcaption><\/figure>\n","protected":false},"excerpt":{"rendered":"<p>Quelques fois, quand je ne suis pas inspir\u00e9, je fais des reproductions de dessin comme un musicien fait ses gammes. Et puis j&rsquo;ai eu l&rsquo;id\u00e9e d&rsquo;en faire quelque chose. Voici une s\u00e9rie \u00e0 la mine de plomb o\u00f9 l&rsquo;on peut retrouver des figures bien connues des amateurs d&rsquo;art.<\/p>\n","protected":false},"author":1,"featured_media":0,"parent":0,"menu_order":30,"comment_status":"open","ping_status":"closed","template":"","meta":{"footnotes":""},"class_list":["post-1005","page","type-page","status-publish","hentry"],"_links":{"self":[{"href":"https:\/\/www.artlandart.com\/index.php?rest_route=\/wp\/v2\/pages\/1005","targetHints":{"allow":["GET"]}}],"collection":[{"href":"https:\/\/www.artlandart.com\/index.php?rest_route=\/wp\/v2\/pages"}],"about":[{"href":"https:\/\/www.artlandart.com\/index.php?rest_route=\/wp\/v2\/types\/page"}],"author":[{"embeddable":true,"href":"https:\/\/www.artlandart.com\/index.php?rest_route=\/wp\/v2\/users\/1"}],"replies":[{"embeddable":true,"href":"https:\/\/www.artlandart.com\/index.php?rest_route=%2Fwp%2Fv2%2Fcomments&post=1005"}],"version-history":[{"count":24,"href":"https:\/\/www.artlandart.com\/index.php?rest_route=\/wp\/v2\/pages\/1005\/revisions"}],"predecessor-version":[{"id":1112,"href":"https:\/\/www.artlandart.com\/index.php?rest_route=\/wp\/v2\/pages\/1005\/revisions\/1112"}],"wp:attachment":[{"href":"https:\/\/www.artlandart.com\/index.php?rest_route=%2Fwp%2Fv2%2Fmedia&parent=1005"}],"curies":[{"name":"wp","href":"https:\/\/api.w.org\/{rel}","templated":true}]}}